{"id":332,"date":"2016-02-25T16:13:43","date_gmt":"2016-02-25T15:13:43","guid":{"rendered":"http:\/\/www.geitenboerderij.nl\/en\/?page_id=332"},"modified":"2016-11-24T14:04:01","modified_gmt":"2016-11-24T13:04:01","slug":"de-voordelen-van-geitenmelk","status":"publish","type":"page","link":"https:\/\/www.geitenboerderij.nl\/en\/de-voordelen-van-geitenmelk","title":{"rendered":"De voordelen van Geitenmelk"},"content":{"rendered":"<p><strong>Er zijn veel vormen van eczeem en niet alle vormen zijn met geitenmelk te genezen. Het is wel bekend dat geitenmelk uitkomst kan bieden bij jonge kinderen die aan dauwworm lijden.<\/strong><\/p>\n<p><strong>Hier volgt het technische verhaal over geitenmelk.<\/strong><br \/>\nGeitenmelk is goed voor de gezondheid. Geitenmelk is, door kleinere cellen, lichter verteerbaar en geeft minder vaak aanleiding tot overgevoeligheidsreacties en maag-darmklachten. Bovendien worden essenti\u00eble mineralen beter opgenomen uit geitenmelk dan uit koemelk.\u00a0 Geitenmelk is een goede bron van hoogwaardige eiwitten, goed afbreekbare middellange vetzuren (MCT\u2019s), vitamines (vitamine A, B-complex, C, D) en mineralen (waaronder ijzer, calcium, fosfor, magnesium, mangaan, kalium en jodium).Het bevat daarnaast ook meer zink en selenium dan koemelk. De melk bevat zelfs zoveel goede voedingsstoffen dat het te vergelijken is met moedermelk, zo concluderen Spaanse onderzoekers.<\/p>\n<p>Naast deze goede voedingstoffen, vond het onderzoeksteam van de Universiteit van Grenada ook dat geitenmelk juist minder van de voedingsstof bevat die verantwoordelijk is voor koemelkallergie. Dit maakt geitenmelk <strong>hypoallergeen<\/strong>. Door de lagere concentratie alfa-S1-case\u00efne in geitenmelk wordt, onder invloed van maagzuur, een luchtiger en brokkeliger wrongel gevormd vergeleken met koemelk. De eiwitbrokjes zijn kleiner en minder samengepakt waardoor verteringsenzymen sneller en beter hun werk kunnen doen. Geitenmelk ligt beduidend minder zwaar op de maag dan koemelk. Geitenmelk is mede daardoor geschikter dan koemelk voor mensen met een zwakke of gevoelige spijsvertering (waaronder kleine kinderen). Ongeveer 40% van de mensen die koemelkeiwit niet verdraagt reageert goed op geitenmelk.<\/p>\n<p>De <strong>vetten<\/strong> in geitenmelk worden sneller en vollediger verteerd en opgenomen in vergelijking tot koemelk. De vetbolletjes in geitenmelk zijn meer dan een kwart kleiner waardoor geitenmelk in tegenstelling tot koemelk niet kunstmatig hoeft te worden gehomogeniseerd. Het spijsverteringsenzym lipase breekt vetten in geitenmelk makkelijker af, niet alleen door de afmeting van de vetbolletjes maar ook door het hoge gehalte korte en middellange vetzuren in geitenmelk.\u00a0 De kortere vetzuren in geitenmelk worden sneller afgebroken en opgenomen dan de voornamelijk langketenige vetzuren in koemelk. Geitenmelk bevat geen agglutinine zoals koemelk waardoor vetbolletjes minder samenklonteren in de maag, wat de vertering vergemakkelijkt.<\/p>\n<p>De <strong>eiwitten<\/strong> in geitenmelk worden sneller en vollediger verteerd en opgenomen in vergelijking tot koemelk. Geitenmelk heeft een andere eiwitsamenstelling dan koemelk en benadert meer dan koemelk het eiwitprofiel van moedermelk. Het belangrijkste alfa-case\u00efne (type S2) in geitenmelk heeft een andere structuur dan het alfa-case\u00efne dat overheerst in koemelk (type S1). Het alfa-S1-case\u00efne in koemelk kan overgevoeligheidsreacties oproepen en geeft een sterkere stremming van de melk.<\/p>\n<p>Ook bevat geitenmelk veel oligosachariden: meervoudige\u00a0<strong>koolhydraten<\/strong>. Deze stoffen bereiken de dikke darm zonder verteerd te worden en kunnen daardoor optreden als\u00a0<strong>prebioticum<\/strong>. Ze ondersteunen de ontwikkeling van de probiotische flora in de darm, deze gaan de strijd aan met ziekmakende bacteri\u00ebn. Net als moedermelk, bevat geitenmelk ook minder lactose dan koemelk.<\/p>\n<p>Het essenti\u00eble verschil tussen geitenmelk en koemelk is de samenstelling van het\u00a0vet. Geitenmelk bevat meer <strong>essenti\u00eble vetzuren.<\/strong> Deze vetzuren zijn een snellere bron van energie en worden niet opgeslagen als lichaamsvet. De onderzoekers concludeerden ook dat het vet in geitenmelk het totale\u00a0<strong>cholesterol<\/strong> verlaagt en behoudt normale vetniveaus elders in het lichaam. Dit maakt geitenmelk een goede voedingskeuze bij het voorkomen van hartziekten.<\/p>\n<p>Om al deze redenen kan geitenmelk worden beschouwd als natuurlijk functioneel voedingsmiddel. Het is goed voor iedereen om regelmatig geitenmelk te drinken. Maar mensen met een allergie of intolerantie voor koemelk, een hoog cholesterol, bloedarmoede of osteoporose hebber er echt veel baat bij.&#8221;<\/p>\n","protected":false},"excerpt":{"rendered":"<p>Er zijn veel vormen van eczeem en niet alle vormen zijn met geitenmelk te genezen. Het is wel bekend dat geitenmelk uitkomst kan bieden bij jonge kinderen die aan dauwworm lijden. Hier volgt het technische verhaal over geitenmelk. Geitenmelk is goed voor de gezondheid. Geitenmelk is, door kleinere cellen, lichter verteerbaar en geeft minder vaak [&hellip;]<\/p>\n","protected":false},"author":1,"featured_media":0,"parent":0,"menu_order":0,"comment_status":"closed","ping_status":"closed","template":"","meta":{"footnotes":""},"class_list":["post-332","page","type-page","status-publish","hentry"],"yoast_head":"<!-- This site is optimized with the Yoast SEO plugin v25.7 - https:\/\/yoast.com\/wordpress\/plugins\/seo\/ -->\n<title>De voordelen van Geitenmelk - Geitenboerderij Ridammerhoeve<\/title>\n<meta name=\"robots\" content=\"index, follow, max-snippet:-1, max-image-preview:large, max-video-preview:-1\" \/>\n<link rel=\"canonical\" href=\"https:\/\/www.geitenboerderij.nl\/en\/de-voordelen-van-geitenmelk\" \/>\n<meta property=\"og:locale\" content=\"en_US\" \/>\n<meta property=\"og:type\" content=\"article\" \/>\n<meta property=\"og:title\" content=\"De voordelen van Geitenmelk - Geitenboerderij Ridammerhoeve\" \/>\n<meta property=\"og:description\" content=\"Er zijn veel vormen van eczeem en niet alle vormen zijn met geitenmelk te genezen. Het is wel bekend dat geitenmelk uitkomst kan bieden bij jonge kinderen die aan dauwworm lijden. Hier volgt het technische verhaal over geitenmelk. Geitenmelk is goed voor de gezondheid. Geitenmelk is, door kleinere cellen, lichter verteerbaar en geeft minder vaak [&hellip;]\" \/>\n<meta property=\"og:url\" content=\"https:\/\/www.geitenboerderij.nl\/en\/de-voordelen-van-geitenmelk\" \/>\n<meta property=\"og:site_name\" content=\"Geitenboerderij Ridammerhoeve\" \/>\n<meta property=\"article:modified_time\" content=\"2016-11-24T13:04:01+00:00\" \/>\n<meta name=\"twitter:card\" content=\"summary_large_image\" \/>\n<meta name=\"twitter:label1\" content=\"Est. reading time\" \/>\n\t<meta name=\"twitter:data1\" content=\"3 minutes\" \/>\n<script type=\"application\/ld+json\" class=\"yoast-schema-graph\">{\"@context\":\"https:\/\/schema.org\",\"@graph\":[{\"@type\":\"WebPage\",\"@id\":\"https:\/\/www.geitenboerderij.nl\/en\/de-voordelen-van-geitenmelk\",\"url\":\"https:\/\/www.geitenboerderij.nl\/en\/de-voordelen-van-geitenmelk\",\"name\":\"De voordelen van Geitenmelk - Geitenboerderij Ridammerhoeve\",\"isPartOf\":{\"@id\":\"https:\/\/www.geitenboerderij.nl\/#website\"},\"datePublished\":\"2016-02-25T15:13:43+00:00\",\"dateModified\":\"2016-11-24T13:04:01+00:00\",\"breadcrumb\":{\"@id\":\"https:\/\/www.geitenboerderij.nl\/en\/de-voordelen-van-geitenmelk#breadcrumb\"},\"inLanguage\":\"en-US\",\"potentialAction\":[{\"@type\":\"ReadAction\",\"target\":[\"https:\/\/www.geitenboerderij.nl\/en\/de-voordelen-van-geitenmelk\"]}]},{\"@type\":\"BreadcrumbList\",\"@id\":\"https:\/\/www.geitenboerderij.nl\/en\/de-voordelen-van-geitenmelk#breadcrumb\",\"itemListElement\":[{\"@type\":\"ListItem\",\"position\":1,\"name\":\"Home\",\"item\":\"https:\/\/www.geitenboerderij.nl\/en\"},{\"@type\":\"ListItem\",\"position\":2,\"name\":\"De voordelen van Geitenmelk\"}]},{\"@type\":\"WebSite\",\"@id\":\"https:\/\/www.geitenboerderij.nl\/#website\",\"url\":\"https:\/\/www.geitenboerderij.nl\/\",\"name\":\"Geitenboerderij Ridammerhoeve\",\"description\":\"Goatfarm Amsterdamse Bos\",\"potentialAction\":[{\"@type\":\"SearchAction\",\"target\":{\"@type\":\"EntryPoint\",\"urlTemplate\":\"https:\/\/www.geitenboerderij.nl\/?s={search_term_string}\"},\"query-input\":{\"@type\":\"PropertyValueSpecification\",\"valueRequired\":true,\"valueName\":\"search_term_string\"}}],\"inLanguage\":\"en-US\"}]}<\/script>\n<!-- \/ Yoast SEO plugin. -->","yoast_head_json":{"title":"De voordelen van Geitenmelk - Geitenboerderij Ridammerhoeve","robots":{"index":"index","follow":"follow","max-snippet":"max-snippet:-1","max-image-preview":"max-image-preview:large","max-video-preview":"max-video-preview:-1"},"canonical":"https:\/\/www.geitenboerderij.nl\/en\/de-voordelen-van-geitenmelk","og_locale":"en_US","og_type":"article","og_title":"De voordelen van Geitenmelk - Geitenboerderij Ridammerhoeve","og_description":"Er zijn veel vormen van eczeem en niet alle vormen zijn met geitenmelk te genezen. Het is wel bekend dat geitenmelk uitkomst kan bieden bij jonge kinderen die aan dauwworm lijden. Hier volgt het technische verhaal over geitenmelk. Geitenmelk is goed voor de gezondheid. Geitenmelk is, door kleinere cellen, lichter verteerbaar en geeft minder vaak [&hellip;]","og_url":"https:\/\/www.geitenboerderij.nl\/en\/de-voordelen-van-geitenmelk","og_site_name":"Geitenboerderij Ridammerhoeve","article_modified_time":"2016-11-24T13:04:01+00:00","twitter_card":"summary_large_image","twitter_misc":{"Est. reading time":"3 minutes"},"schema":{"@context":"https:\/\/schema.org","@graph":[{"@type":"WebPage","@id":"https:\/\/www.geitenboerderij.nl\/en\/de-voordelen-van-geitenmelk","url":"https:\/\/www.geitenboerderij.nl\/en\/de-voordelen-van-geitenmelk","name":"De voordelen van Geitenmelk - Geitenboerderij Ridammerhoeve","isPartOf":{"@id":"https:\/\/www.geitenboerderij.nl\/#website"},"datePublished":"2016-02-25T15:13:43+00:00","dateModified":"2016-11-24T13:04:01+00:00","breadcrumb":{"@id":"https:\/\/www.geitenboerderij.nl\/en\/de-voordelen-van-geitenmelk#breadcrumb"},"inLanguage":"en-US","potentialAction":[{"@type":"ReadAction","target":["https:\/\/www.geitenboerderij.nl\/en\/de-voordelen-van-geitenmelk"]}]},{"@type":"BreadcrumbList","@id":"https:\/\/www.geitenboerderij.nl\/en\/de-voordelen-van-geitenmelk#breadcrumb","itemListElement":[{"@type":"ListItem","position":1,"name":"Home","item":"https:\/\/www.geitenboerderij.nl\/en"},{"@type":"ListItem","position":2,"name":"De voordelen van Geitenmelk"}]},{"@type":"WebSite","@id":"https:\/\/www.geitenboerderij.nl\/#website","url":"https:\/\/www.geitenboerderij.nl\/","name":"Geitenboerderij Ridammerhoeve","description":"Goatfarm Amsterdamse Bos","potentialAction":[{"@type":"SearchAction","target":{"@type":"EntryPoint","urlTemplate":"https:\/\/www.geitenboerderij.nl\/?s={search_term_string}"},"query-input":{"@type":"PropertyValueSpecification","valueRequired":true,"valueName":"search_term_string"}}],"inLanguage":"en-US"}]}},"_links":{"self":[{"href":"https:\/\/www.geitenboerderij.nl\/en\/wp-json\/wp\/v2\/pages\/332","targetHints":{"allow":["GET"]}}],"collection":[{"href":"https:\/\/www.geitenboerderij.nl\/en\/wp-json\/wp\/v2\/pages"}],"about":[{"href":"https:\/\/www.geitenboerderij.nl\/en\/wp-json\/wp\/v2\/types\/page"}],"author":[{"embeddable":true,"href":"https:\/\/www.geitenboerderij.nl\/en\/wp-json\/wp\/v2\/users\/1"}],"replies":[{"embeddable":true,"href":"https:\/\/www.geitenboerderij.nl\/en\/wp-json\/wp\/v2\/comments?post=332"}],"version-history":[{"count":1,"href":"https:\/\/www.geitenboerderij.nl\/en\/wp-json\/wp\/v2\/pages\/332\/revisions"}],"predecessor-version":[{"id":333,"href":"https:\/\/www.geitenboerderij.nl\/en\/wp-json\/wp\/v2\/pages\/332\/revisions\/333"}],"wp:attachment":[{"href":"https:\/\/www.geitenboerderij.nl\/en\/wp-json\/wp\/v2\/media?parent=332"}],"curies":[{"name":"wp","href":"https:\/\/api.w.org\/{rel}","templated":true}]}}